{"id":63,"date":"2025-05-07T14:07:19","date_gmt":"2025-05-07T14:07:19","guid":{"rendered":"https:\/\/glasulortodoxiei.ro\/?page_id=63"},"modified":"2026-03-23T16:00:48","modified_gmt":"2026-03-23T16:00:48","slug":"privacy_policy_radio_glasul_ortodoxiei","status":"publish","type":"page","link":"https:\/\/glasulortodoxiei.ro\/index.php\/privacy_policy_radio_glasul_ortodoxiei\/","title":{"rendered":"Privacy_Policy_Glasul_Ortodoxiei"},"content":{"rendered":"<p>## Privacy Policy \u2013 Glasul Ortodoxiei<br \/>\nUltima actualizare: 07.05.2025<\/p>\n<p>### 1. Colectarea datelor<br \/>\nAplica\u021bia nu colecteaz\u0103 date personale identificabile , precum:<\/p>\n<p>&#8211; nume,<br \/>\n&#8211; adrese de e-mail,<br \/>\n&#8211; loca\u021bie exact\u0103 (GPS),<br \/>\n&#8211; contacte sau fi\u0219iere.<br \/>\nAplica\u021bia poate colecta doar date tehnice (vezi sec\u021biunea 2), necesare pentru func\u021bionare \u0219i diagnosticare.<\/p>\n<p>### 2. Informa\u021bii colectate automat (date tehnice)<br \/>\nPentru \u00eembun\u0103t\u0103\u021birea performan\u021bei aplica\u021biei \u0219i pentru diagnosticare, pot fi colectate automat (de exemplu prin serviciile Google legate de distribu\u021bia aplica\u021biei) urm\u0103toarele informa\u021bii:<\/p>\n<p>&#8211; tipul dispozitivului (telefon, tablet\u0103),<br \/>\n&#8211; versiunea sistemului de operare,<br \/>\n&#8211; rapoarte de erori sau bloc\u0103ri ale aplica\u021biei (crash reports),<br \/>\n&#8211; informa\u021bii tehnice de re\u021bea (de exemplu adresa IP) folosite \u00een scopuri tehnice \u0219i statistice.<br \/>\nAceste informa\u021bii sunt utilizate doar \u00een scopuri tehnice (func\u021bionare, stabilitate, depanare) \u0219i nu sunt v\u00e2ndute \u0219i nu sunt partajate \u00een scopuri comerciale .<\/p>\n<p>### 3. Reclame<br \/>\nAplica\u021bia nu afi\u0219eaz\u0103 reclame \u0219i nu folose\u0219te re\u021bele de advertising .<\/p>\n<p>### 4. Permisiuni<br \/>\nAplica\u021bia poate solicita urm\u0103toarele permisiuni:<\/p>\n<p>&#8211; Acces la internet \u2013 necesar pentru redarea streamului audio online.<br \/>\n&#8211; Acces la re\u021bea \/ stare conexiune \u2013 pentru a verifica dac\u0103 exist\u0103 conexiune activ\u0103 la internet.<br \/>\n### 5. Servicii ter\u021be<br \/>\nAplica\u021bia poate utiliza servicii ale ter\u021bilor pentru distribu\u021bie \u0219i diagnosticare, precum:<\/p>\n<p>&#8211; Google Play \/ Google Play Console (de exemplu rapoarte de erori \u0219i statistici tehnice).<br \/>\nAceste servicii pot prelucra date tehnice conform propriilor politici \u0219i termenilor lor.<\/p>\n<p>### 6. Drepturile utilizatorilor<br \/>\nUtilizatorii pot dezinstala aplica\u021bia oric\u00e2nd de pe dispozitiv. Aplica\u021bia nu stocheaz\u0103 \u00een mod local sau pe servere proprii date personale identificabile.<\/p>\n<p>### 7. Modific\u0103ri ale politicii<br \/>\nNe rezerv\u0103m dreptul de a modifica aceast\u0103 politic\u0103 de confiden\u021bialitate. Orice modific\u0103ri vor fi publicate pe aceast\u0103 pagin\u0103, \u00eempreun\u0103 cu data actualiz\u0103rii.<\/p>\n<p>### 8. Contact<br \/>\nPentru \u00eentreb\u0103ri sau nel\u0103muriri, ne pute\u021bi contacta la: glasulortodoxiei@yahoo.com<\/p>\n","protected":false},"excerpt":{"rendered":"<p>## Privacy Policy \u2013 Glasul Ortodoxiei Ultima actualizare: 07.05.2025 ### 1. Colectarea datelor Aplica\u021bia nu colecteaz\u0103 date personale identificabile , precum: &#8211; nume, &#8211; adrese de e-mail, &#8211; loca\u021bie exact\u0103 [&hellip;]<\/p>\n","protected":false},"author":1,"featured_media":0,"parent":0,"menu_order":0,"comment_status":"closed","ping_status":"closed","template":"","meta":{"footnotes":""},"class_list":["post-63","page","type-page","status-publish","hentry"],"_links":{"self":[{"href":"https:\/\/glasulortodoxiei.ro\/index.php\/wp-json\/wp\/v2\/pages\/63","targetHints":{"allow":["GET"]}}],"collection":[{"href":"https:\/\/glasulortodoxiei.ro\/index.php\/wp-json\/wp\/v2\/pages"}],"about":[{"href":"https:\/\/glasulortodoxiei.ro\/index.php\/wp-json\/wp\/v2\/types\/page"}],"author":[{"embeddable":true,"href":"https:\/\/glasulortodoxiei.ro\/index.php\/wp-json\/wp\/v2\/users\/1"}],"replies":[{"embeddable":true,"href":"https:\/\/glasulortodoxiei.ro\/index.php\/wp-json\/wp\/v2\/comments?post=63"}],"version-history":[{"count":4,"href":"https:\/\/glasulortodoxiei.ro\/index.php\/wp-json\/wp\/v2\/pages\/63\/revisions"}],"predecessor-version":[{"id":307,"href":"https:\/\/glasulortodoxiei.ro\/index.php\/wp-json\/wp\/v2\/pages\/63\/revisions\/307"}],"wp:attachment":[{"href":"https:\/\/glasulortodoxiei.ro\/index.php\/wp-json\/wp\/v2\/media?parent=63"}],"curies":[{"name":"wp","href":"https:\/\/api.w.org\/{rel}","templated":true}]}}